{"id":576,"date":"2024-10-05T11:01:58","date_gmt":"2024-10-05T11:01:58","guid":{"rendered":"https:\/\/mustigeziyor.com\/esya\/?post_type=product&#038;p=576"},"modified":"2024-10-05T11:01:58","modified_gmt":"2024-10-05T11:01:58","slug":"cikma-karavan-klimasi-12v-elekrikli-karavan-tavan-park-klimasi","status":"publish","type":"product","link":"https:\/\/mustigeziyor.com\/esya\/urun\/cikma-karavan-klimasi-12v-elekrikli-karavan-tavan-park-klimasi\/","title":{"rendered":"\u00c7\u0131kma karavan klimas\u0131 12V ELEKR\u0130KL\u0130 KARAVAN TAVAN PARK KL\u0130MASI"},"content":{"rendered":"<p><strong>Karavan i\u00e7in hangi klima kullan\u0131l\u0131r? <\/strong><strong>Tavan klimas\u0131<\/strong><\/p>\n<p><strong><a href=\"https:\/\/tr.wikipedia.org\/wiki\/Klima\" target=\"_blank\" rel=\"noopener\">Klima<\/a><\/strong> i\u00e7in ideal bir yer \u00e7\u00fcnk\u00fc karavan\u0131n\u0131zda veya karavan\u0131n\u0131zda yer kaybetmezsiniz. Bir tavan klimas\u0131, so\u011futma sistemi ile karavan\u0131n\u0131z\u0131 veya karavan\u0131n\u0131z\u0131 h\u0131zla so\u011futur.<\/p>\n<p><strong>Tavan klimas\u0131 ka\u00e7 saat \u00e7al\u0131\u015f\u0131r?<\/strong><br \/>\nEk klima sistemi, ara\u00e7 park halindeyken dinlendirici istirahat s\u00fcreleri i\u00e7in tasarlanm\u0131\u015ft\u0131r. Y\u00fcksek verimli teknolojisi sayesinde 12 saate kadar h\u0131zl\u0131 ve g\u00fcvenilir bir \u015fekilde so\u011futur. Ak\u00fcyle \u00e7al\u0131\u015fan, kompakt kamyon tavan klima sistemi mevcut tavan kapa\u011f\u0131na kolayca monte edilebilir.<\/p>\n","protected":false},"excerpt":{"rendered":"<p>12V ELEKR\u0130KL\u0130 KARAVAN TAVAN PARK KL\u0130MASI Karavan ikinci el Karavan Yedek Par\u00e7a \u00dcr\u00fcn Modelleri ; T\u0130TAN\u0130UM KARAVAN \u00e7\u0131kma karavan PARK KL\u0130MASI 12V 2y\u0131l Yedek Par\u00e7a \u00dcr\u00fcn Modelleri ; 12 v park klimas\u0131 kep\u00e7e karavan klimas\u0131z ara\u00e7lar i\u00e7in u-frigo. 20.500 TL. Adana, \u00c7ukurova G\u00fc\u00e7l\u00fc motoru ve verimli so\u011futma performans\u0131 ile 12 volt karavan klimas\u0131d\u0131r. T\u00fcm \u00f6zelliklerini 12 v karavan frigo tavan klimas\u0131 <\/p>\n","protected":false},"featured_media":578,"template":"","meta":[],"product_brand":[],"product_cat":[30],"product_tag":[],"class_list":{"0":"post-576","1":"product","2":"type-product","3":"status-publish","4":"has-post-thumbnail","6":"product_cat-ikinci-el-beyaz-esya","8":"first","9":"instock","10":"sale","11":"shipping-taxable","12":"purchasable","13":"product-type-simple"},"_links":{"self":[{"href":"https:\/\/mustigeziyor.com\/esya\/wp-json\/wp\/v2\/product\/576","targetHints":{"allow":["GET"]}}],"collection":[{"href":"https:\/\/mustigeziyor.com\/esya\/wp-json\/wp\/v2\/product"}],"about":[{"href":"https:\/\/mustigeziyor.com\/esya\/wp-json\/wp\/v2\/types\/product"}],"wp:featuredmedia":[{"embeddable":true,"href":"https:\/\/mustigeziyor.com\/esya\/wp-json\/wp\/v2\/media\/578"}],"wp:attachment":[{"href":"https:\/\/mustigeziyor.com\/esya\/wp-json\/wp\/v2\/media?parent=576"}],"wp:term":[{"taxonomy":"product_brand","embeddable":true,"href":"https:\/\/mustigeziyor.com\/esya\/wp-json\/wp\/v2\/product_brand?post=576"},{"taxonomy":"product_cat","embeddable":true,"href":"https:\/\/mustigeziyor.com\/esya\/wp-json\/wp\/v2\/product_cat?post=576"},{"taxonomy":"product_tag","embeddable":true,"href":"https:\/\/mustigeziyor.com\/esya\/wp-json\/wp\/v2\/product_tag?post=576"}],"curies":[{"name":"wp","href":"https:\/\/api.w.org\/{rel}","templated":true}]}}