{"id":570,"date":"2024-09-30T06:46:26","date_gmt":"2024-09-30T06:46:26","guid":{"rendered":"https:\/\/mustigeziyor.com\/esya\/?post_type=product&#038;p=570"},"modified":"2024-09-30T06:46:26","modified_gmt":"2024-09-30T06:46:26","slug":"arcelik-defolu-buzdolabi-1-yil-garantili-a-fabrikadan-defolu","status":"publish","type":"product","link":"https:\/\/mustigeziyor.com\/esya\/urun\/arcelik-defolu-buzdolabi-1-yil-garantili-a-fabrikadan-defolu\/","title":{"rendered":"Ar\u00e7elik defolu buzdolab\u0131 1 YIL GARANT\u0130L\u0130 A+++ Fabrikadan Defolu"},"content":{"rendered":"","protected":false},"excerpt":{"rendered":"<p>ar\u00e7elik defolu buzdolab\u0131 Defolu buzdolab\u0131 \u00fcr\u00fcnlerinde hesapl\u0131 kampanya Fiyatlardan yararlanmak i\u00e7in bizi aray\u0131n. Her B\u00fct\u00e7eye Uygun Beyaz E\u015fyalar\u0131m\u0131z \u0130\u00e7in \u0130leti\u015fime Ge\u00e7in. Defolu&#8230;SIFIR DEFOLU 320 LT AR\u00c7EL\u0130K BUZDOLABI 1 YIL GARANT\u0130L\u0130 A+++ Fabrikadan Defolu Beyaz E\u015fya Fiyatlar\u0131 Defolu \u00dcr\u00fcnlerde En Ucuz Fiyat Politikas\u0131 \u0130le Hizmet Vermekteyiz. Beyaz E\u015fyalar \u0130\u00e7in<br \/>\nS\u0131f\u0131r Defolu Buzdolab\u0131<br \/>\n<strong><a href=\"https:\/\/www.arcelik.com.tr\/\">Ar\u00e7elik<\/a><\/strong> Defolu Buzdolab\u0131 Fiyatlar\u0131<br \/>\nS\u0131f\u0131r Ar\u00e7elik Ar\u00e7elik Buzdolab\u0131 hakk\u0131nda Defolu \u015fikayetleri Buzdolab\u0131 fiyatlar\u0131 ve size en uygun Buzdolab\u0131 modelleri i\u00e7in sayfam\u0131z\u0131 ziyaret edin.<\/p>\n","protected":false},"featured_media":572,"template":"","meta":[],"product_brand":[],"product_cat":[30,33],"product_tag":[35],"class_list":{"0":"post-570","1":"product","2":"type-product","3":"status-publish","4":"has-post-thumbnail","6":"product_cat-ikinci-el-beyaz-esya","7":"product_cat-spot-defolu-esya","8":"product_tag-ikinci-el-buzdolabi","10":"first","11":"instock","12":"sale","13":"shipping-taxable","14":"purchasable","15":"product-type-simple"},"_links":{"self":[{"href":"https:\/\/mustigeziyor.com\/esya\/wp-json\/wp\/v2\/product\/570","targetHints":{"allow":["GET"]}}],"collection":[{"href":"https:\/\/mustigeziyor.com\/esya\/wp-json\/wp\/v2\/product"}],"about":[{"href":"https:\/\/mustigeziyor.com\/esya\/wp-json\/wp\/v2\/types\/product"}],"wp:featuredmedia":[{"embeddable":true,"href":"https:\/\/mustigeziyor.com\/esya\/wp-json\/wp\/v2\/media\/572"}],"wp:attachment":[{"href":"https:\/\/mustigeziyor.com\/esya\/wp-json\/wp\/v2\/media?parent=570"}],"wp:term":[{"taxonomy":"product_brand","embeddable":true,"href":"https:\/\/mustigeziyor.com\/esya\/wp-json\/wp\/v2\/product_brand?post=570"},{"taxonomy":"product_cat","embeddable":true,"href":"https:\/\/mustigeziyor.com\/esya\/wp-json\/wp\/v2\/product_cat?post=570"},{"taxonomy":"product_tag","embeddable":true,"href":"https:\/\/mustigeziyor.com\/esya\/wp-json\/wp\/v2\/product_tag?post=570"}],"curies":[{"name":"wp","href":"https:\/\/api.w.org\/{rel}","templated":true}]}}