{"id":561,"date":"2024-08-26T06:18:54","date_gmt":"2024-08-26T06:18:54","guid":{"rendered":"https:\/\/mustigeziyor.com\/esya\/?post_type=product&#038;p=561"},"modified":"2024-08-26T06:18:54","modified_gmt":"2024-08-26T06:18:54","slug":"profil-ucuz-150150-3-mm-1-kalite-cikma-profil","status":"publish","type":"product","link":"https:\/\/mustigeziyor.com\/esya\/urun\/profil-ucuz-150150-3-mm-1-kalite-cikma-profil\/","title":{"rendered":"Profil Ucuz 150*150 3 mm 1. Kalite \u00c7\u0131kma Profil"},"content":{"rendered":"<h3>6 metre profilin fiyat\u0131 ne kadar? Boyal\u0131 Profil 2024 Fiyat Listesi<\/h3>\n<p>EBAT (MM) L\u0130STE F\u0130YATI (TL) 1 BOY (6 MT) F\u0130YATI30 G\u00dcN (TL)<br \/>\n20X40X2,50 MM \u20ba16,84 \u20ba54,62<br \/>\n20X40X3,00 MM \u20ba23,71 \u20ba76,91<br \/>\n30X40X1,50 MM \u20ba15,12 \u20ba49,04<br \/>\n30X40X2,00 MM \u20ba18,78 \u20ba60,91<\/p>\n<p><strong>40 A 80 profilin boyu ne kadar?<\/strong><br \/>\n40x80x3 mm Kutu Profilin bir adet boyu 6 metredir. \u00dcr\u00fcn 1. Kalite olup \u00fcretici fabrikadan direkt temin edilmektedir.<\/p>\n","protected":false},"excerpt":{"rendered":"<p>Profil Ucuz \u00e7\u0131kma Demir Profil modelleri ile arad\u0131\u011f\u0131n yeni 2. El Profil i\u00e7in ekonomik ve \u00e7evre dostu \u00e7\u00f6z\u00fcmler sunan \u00dcr\u00fcnle ilgili merak ettiklerinizi sat\u0131c\u0131ya sorabilir veya ba\u015fkalar\u0131n\u0131n sordu\u011fu sorular\u0131 inceleyebilirsiniz sezon \u00fcr\u00fcnleri sevdi\u011fin 100 karemetre \u00e7\u0131kma \u00e7at\u0131 laz\u0131m yer Kahramanmara\u015f fiyat markalarla<\/p>\n","protected":false},"featured_media":564,"template":"","meta":[],"product_brand":[],"product_cat":[15],"product_tag":[],"class_list":{"0":"post-561","1":"product","2":"type-product","3":"status-publish","4":"has-post-thumbnail","6":"product_cat-ikinci-el-esya","8":"first","9":"instock","10":"sale","11":"shipping-taxable","12":"purchasable","13":"product-type-simple"},"_links":{"self":[{"href":"https:\/\/mustigeziyor.com\/esya\/wp-json\/wp\/v2\/product\/561","targetHints":{"allow":["GET"]}}],"collection":[{"href":"https:\/\/mustigeziyor.com\/esya\/wp-json\/wp\/v2\/product"}],"about":[{"href":"https:\/\/mustigeziyor.com\/esya\/wp-json\/wp\/v2\/types\/product"}],"wp:featuredmedia":[{"embeddable":true,"href":"https:\/\/mustigeziyor.com\/esya\/wp-json\/wp\/v2\/media\/564"}],"wp:attachment":[{"href":"https:\/\/mustigeziyor.com\/esya\/wp-json\/wp\/v2\/media?parent=561"}],"wp:term":[{"taxonomy":"product_brand","embeddable":true,"href":"https:\/\/mustigeziyor.com\/esya\/wp-json\/wp\/v2\/product_brand?post=561"},{"taxonomy":"product_cat","embeddable":true,"href":"https:\/\/mustigeziyor.com\/esya\/wp-json\/wp\/v2\/product_cat?post=561"},{"taxonomy":"product_tag","embeddable":true,"href":"https:\/\/mustigeziyor.com\/esya\/wp-json\/wp\/v2\/product_tag?post=561"}],"curies":[{"name":"wp","href":"https:\/\/api.w.org\/{rel}","templated":true}]}}