{"id":556,"date":"2024-08-22T06:22:00","date_gmt":"2024-08-22T06:22:00","guid":{"rendered":"https:\/\/mustigeziyor.com\/esya\/?post_type=product&#038;p=556"},"modified":"2024-08-22T06:22:00","modified_gmt":"2024-08-22T06:22:00","slug":"m-celik-konstruksiyon-depo-dukkan-kafe-ahir-yapmak-icin-cikma-demirler","status":"publish","type":"product","link":"https:\/\/mustigeziyor.com\/esya\/urun\/m-celik-konstruksiyon-depo-dukkan-kafe-ahir-yapmak-icin-cikma-demirler\/","title":{"rendered":"M \u00c7EL\u0130K KONSTR\u00dcKS\u0130YON DEPO D\u00dcKKAN KAFE AHIR YAPMAK \u0130\u00c7\u0130N \u00c7IKMA DEM\u0130RLER"},"content":{"rendered":"<p><img loading=\"lazy\" decoding=\"async\" src=\"https:\/\/mustigeziyor.com\/esya\/wp-content\/uploads\/2024\/08\/M-CELIK-KONSTRUKSIYON-2.png\" alt=\"\" width=\"932\" height=\"626\" class=\"aligncenter size-full wp-image-557\" title=\"\" srcset=\"https:\/\/mustigeziyor.com\/esya\/wp-content\/uploads\/2024\/08\/M-CELIK-KONSTRUKSIYON-2.png 932w, https:\/\/mustigeziyor.com\/esya\/wp-content\/uploads\/2024\/08\/M-CELIK-KONSTRUKSIYON-2-300x202.png 300w, https:\/\/mustigeziyor.com\/esya\/wp-content\/uploads\/2024\/08\/M-CELIK-KONSTRUKSIYON-2-768x516.png 768w, https:\/\/mustigeziyor.com\/esya\/wp-content\/uploads\/2024\/08\/M-CELIK-KONSTRUKSIYON-2-600x403.png 600w\" sizes=\"auto, (max-width: 932px) 100vw, 932px\" \/><\/p>\n<p><img loading=\"lazy\" decoding=\"async\" src=\"https:\/\/mustigeziyor.com\/esya\/wp-content\/uploads\/2024\/08\/M-CELIK-KONSTRUKSIYON-3.png\" alt=\"\" width=\"975\" height=\"627\" class=\"aligncenter size-full wp-image-558\" title=\"\" srcset=\"https:\/\/mustigeziyor.com\/esya\/wp-content\/uploads\/2024\/08\/M-CELIK-KONSTRUKSIYON-3.png 975w, https:\/\/mustigeziyor.com\/esya\/wp-content\/uploads\/2024\/08\/M-CELIK-KONSTRUKSIYON-3-300x193.png 300w, https:\/\/mustigeziyor.com\/esya\/wp-content\/uploads\/2024\/08\/M-CELIK-KONSTRUKSIYON-3-768x494.png 768w, https:\/\/mustigeziyor.com\/esya\/wp-content\/uploads\/2024\/08\/M-CELIK-KONSTRUKSIYON-3-600x386.png 600w\" sizes=\"auto, (max-width: 975px) 100vw, 975px\" \/><\/p>\n<p><img loading=\"lazy\" decoding=\"async\" src=\"https:\/\/mustigeziyor.com\/esya\/wp-content\/uploads\/2024\/08\/M-CELIK-KONSTRUKSIYON-1.png\" alt=\"\" width=\"954\" height=\"625\" class=\"aligncenter size-full wp-image-559\" title=\"\" srcset=\"https:\/\/mustigeziyor.com\/esya\/wp-content\/uploads\/2024\/08\/M-CELIK-KONSTRUKSIYON-1.png 954w, https:\/\/mustigeziyor.com\/esya\/wp-content\/uploads\/2024\/08\/M-CELIK-KONSTRUKSIYON-1-300x197.png 300w, https:\/\/mustigeziyor.com\/esya\/wp-content\/uploads\/2024\/08\/M-CELIK-KONSTRUKSIYON-1-768x503.png 768w, https:\/\/mustigeziyor.com\/esya\/wp-content\/uploads\/2024\/08\/M-CELIK-KONSTRUKSIYON-1-600x393.png 600w\" sizes=\"auto, (max-width: 954px) 100vw, 954px\" \/><\/p>\n","protected":false},"excerpt":{"rendered":"<p>M \u00c7EL\u0130K KONSTR\u00dcKS\u0130YON \u0130K\u0130NC\u0130 EL M \u00c7EL\u0130K KONSTR\u00dcKS\u0130YON DEPO D\u00dcKKAN \u015eantiye konteyner \u00e7\u00f6z\u00fcmleri ile Alyans Yap\u0131 i\u015f orta\u011f\u0131n\u0131z olmaya haz\u0131r KAFE AHIR YAPMAK \u0130\u00c7\u0130N \u00c7elik konstr\u00fcksiyon ah\u0131r, modern tar\u0131m\u0131n gereksinimlerini kar\u015f\u0131lamak i\u00e7in tercih edilen \u00c7elik konstr\u00fcksiyon depo ve hangar \u00e7\u00f6z\u00fcmleri, dayan\u0131kl\u0131l\u0131\u011f\u0131 ve geni\u015f depolama kapasitesiyle bir yap\u0131 \u00c7IKMA DEM\u0130RLER <\/p>\n","protected":false},"featured_media":559,"template":"","meta":[],"product_brand":[],"product_cat":[15],"product_tag":[],"class_list":{"0":"post-556","1":"product","2":"type-product","3":"status-publish","4":"has-post-thumbnail","6":"product_cat-ikinci-el-esya","8":"first","9":"instock","10":"sale","11":"shipping-taxable","12":"purchasable","13":"product-type-simple"},"_links":{"self":[{"href":"https:\/\/mustigeziyor.com\/esya\/wp-json\/wp\/v2\/product\/556","targetHints":{"allow":["GET"]}}],"collection":[{"href":"https:\/\/mustigeziyor.com\/esya\/wp-json\/wp\/v2\/product"}],"about":[{"href":"https:\/\/mustigeziyor.com\/esya\/wp-json\/wp\/v2\/types\/product"}],"wp:featuredmedia":[{"embeddable":true,"href":"https:\/\/mustigeziyor.com\/esya\/wp-json\/wp\/v2\/media\/559"}],"wp:attachment":[{"href":"https:\/\/mustigeziyor.com\/esya\/wp-json\/wp\/v2\/media?parent=556"}],"wp:term":[{"taxonomy":"product_brand","embeddable":true,"href":"https:\/\/mustigeziyor.com\/esya\/wp-json\/wp\/v2\/product_brand?post=556"},{"taxonomy":"product_cat","embeddable":true,"href":"https:\/\/mustigeziyor.com\/esya\/wp-json\/wp\/v2\/product_cat?post=556"},{"taxonomy":"product_tag","embeddable":true,"href":"https:\/\/mustigeziyor.com\/esya\/wp-json\/wp\/v2\/product_tag?post=556"}],"curies":[{"name":"wp","href":"https:\/\/api.w.org\/{rel}","templated":true}]}}