{"id":552,"date":"2024-08-17T06:47:57","date_gmt":"2024-08-17T06:47:57","guid":{"rendered":"https:\/\/mustigeziyor.com\/esya\/?post_type=product&#038;p=552"},"modified":"2024-08-17T06:47:58","modified_gmt":"2024-08-17T06:47:58","slug":"kuzine-firinli-gazli-ocak-3lu-gazli-lpg-li-yekpare-firin-govdesi-paslanmaz","status":"publish","type":"product","link":"https:\/\/mustigeziyor.com\/esya\/urun\/kuzine-firinli-gazli-ocak-3lu-gazli-lpg-li-yekpare-firin-govdesi-paslanmaz\/","title":{"rendered":"Kuzine F\u0131r\u0131nl\u0131 Gazl\u0131 Ocak 3&#8217;L\u00fc Gazl\u0131 Lpg Li Yekpare f\u0131r\u0131n g\u00f6vdesi paslanmaz"},"content":{"rendered":"<p><img loading=\"lazy\" decoding=\"async\" src=\"https:\/\/mustigeziyor.com\/esya\/wp-content\/uploads\/2024\/08\/Kuzine-Firinli-Gazli-Ocak-3Lu-1.png\" alt=\"\" width=\"990\" height=\"631\" class=\"aligncenter size-full wp-image-553\" title=\"\" srcset=\"https:\/\/mustigeziyor.com\/esya\/wp-content\/uploads\/2024\/08\/Kuzine-Firinli-Gazli-Ocak-3Lu-1.png 990w, https:\/\/mustigeziyor.com\/esya\/wp-content\/uploads\/2024\/08\/Kuzine-Firinli-Gazli-Ocak-3Lu-1-300x191.png 300w, https:\/\/mustigeziyor.com\/esya\/wp-content\/uploads\/2024\/08\/Kuzine-Firinli-Gazli-Ocak-3Lu-1-768x490.png 768w, https:\/\/mustigeziyor.com\/esya\/wp-content\/uploads\/2024\/08\/Kuzine-Firinli-Gazli-Ocak-3Lu-1-600x382.png 600w\" sizes=\"auto, (max-width: 990px) 100vw, 990px\" \/><\/p>\n<p><img loading=\"lazy\" decoding=\"async\" src=\"https:\/\/mustigeziyor.com\/esya\/wp-content\/uploads\/2024\/08\/Kuzine-Firinli-Gazli-Ocak-3Lu-2.png\" alt=\"\" width=\"794\" height=\"631\" class=\"aligncenter size-full wp-image-554\" title=\"\" srcset=\"https:\/\/mustigeziyor.com\/esya\/wp-content\/uploads\/2024\/08\/Kuzine-Firinli-Gazli-Ocak-3Lu-2.png 794w, https:\/\/mustigeziyor.com\/esya\/wp-content\/uploads\/2024\/08\/Kuzine-Firinli-Gazli-Ocak-3Lu-2-300x238.png 300w, https:\/\/mustigeziyor.com\/esya\/wp-content\/uploads\/2024\/08\/Kuzine-Firinli-Gazli-Ocak-3Lu-2-768x610.png 768w, https:\/\/mustigeziyor.com\/esya\/wp-content\/uploads\/2024\/08\/Kuzine-Firinli-Gazli-Ocak-3Lu-2-600x477.png 600w\" sizes=\"auto, (max-width: 794px) 100vw, 794px\" \/><\/p>\n","protected":false},"excerpt":{"rendered":"<p>Kuzine F\u0131r\u0131nl\u0131 Gazl\u0131 Ocak 3L\u00fc Himaksan 3 L\u00fc Kuzine 3 Ocak 1 F\u0131r\u0131n Gazl\u0131 Lpg Li Yekpare f\u0131r\u0131n g\u00f6vdesi paslanmaz \u00e7elikten \u00fcretilmi\u015ftir ve f\u0131r\u0131n i\u00e7 s\u0131cakl\u0131\u011f\u0131 magnet ventilli gaz valfi taraf\u0131ndan maksimum 150X60X85 HMK-KZG 1560 Ocak G\u00f6z Say\u0131s\u0131 : 5 G\u00f6z\u00fc Gazl\u0131 + 1 G\u00f6z\u00fc Vitroseramik; Saat Tipi<\/p>\n","protected":false},"featured_media":554,"template":"","meta":[],"product_brand":[],"product_cat":[30],"product_tag":[],"class_list":{"0":"post-552","1":"product","2":"type-product","3":"status-publish","4":"has-post-thumbnail","6":"product_cat-ikinci-el-beyaz-esya","8":"first","9":"instock","10":"sale","11":"shipping-taxable","12":"purchasable","13":"product-type-simple"},"_links":{"self":[{"href":"https:\/\/mustigeziyor.com\/esya\/wp-json\/wp\/v2\/product\/552","targetHints":{"allow":["GET"]}}],"collection":[{"href":"https:\/\/mustigeziyor.com\/esya\/wp-json\/wp\/v2\/product"}],"about":[{"href":"https:\/\/mustigeziyor.com\/esya\/wp-json\/wp\/v2\/types\/product"}],"wp:featuredmedia":[{"embeddable":true,"href":"https:\/\/mustigeziyor.com\/esya\/wp-json\/wp\/v2\/media\/554"}],"wp:attachment":[{"href":"https:\/\/mustigeziyor.com\/esya\/wp-json\/wp\/v2\/media?parent=552"}],"wp:term":[{"taxonomy":"product_brand","embeddable":true,"href":"https:\/\/mustigeziyor.com\/esya\/wp-json\/wp\/v2\/product_brand?post=552"},{"taxonomy":"product_cat","embeddable":true,"href":"https:\/\/mustigeziyor.com\/esya\/wp-json\/wp\/v2\/product_cat?post=552"},{"taxonomy":"product_tag","embeddable":true,"href":"https:\/\/mustigeziyor.com\/esya\/wp-json\/wp\/v2\/product_tag?post=552"}],"curies":[{"name":"wp","href":"https:\/\/api.w.org\/{rel}","templated":true}]}}