{"id":511,"date":"2024-07-15T06:32:47","date_gmt":"2024-07-15T06:32:47","guid":{"rendered":"https:\/\/mustigeziyor.com\/esya\/?post_type=product&#038;p=511"},"modified":"2024-07-15T06:32:47","modified_gmt":"2024-07-15T06:32:47","slug":"ikea-kivik-2li-kanepe-lacivert-ikea-kivik-2li-l-koltuk-ikea-kivik-3lu-koltuk","status":"publish","type":"product","link":"https:\/\/mustigeziyor.com\/esya\/urun\/ikea-kivik-2li-kanepe-lacivert-ikea-kivik-2li-l-koltuk-ikea-kivik-3lu-koltuk\/","title":{"rendered":"Ikea k\u0131v\u0131k 2&#8217;li kanepe-lacivert (ikea kivik 2&#8217;li l koltuk ikea k\u0131v\u0131k 3&#8217;l\u00fc koltuk)"},"content":{"rendered":"<p><img loading=\"lazy\" decoding=\"async\" class=\"aligncenter size-full wp-image-512\" src=\"https:\/\/mustigeziyor.com\/esya\/wp-content\/uploads\/2024\/07\/Ikea-kivik-2li-kanepe-lacivert-3.png\" alt=\"\" width=\"871\" height=\"629\" title=\"\" srcset=\"https:\/\/mustigeziyor.com\/esya\/wp-content\/uploads\/2024\/07\/Ikea-kivik-2li-kanepe-lacivert-3.png 871w, https:\/\/mustigeziyor.com\/esya\/wp-content\/uploads\/2024\/07\/Ikea-kivik-2li-kanepe-lacivert-3-300x217.png 300w, https:\/\/mustigeziyor.com\/esya\/wp-content\/uploads\/2024\/07\/Ikea-kivik-2li-kanepe-lacivert-3-768x555.png 768w, https:\/\/mustigeziyor.com\/esya\/wp-content\/uploads\/2024\/07\/Ikea-kivik-2li-kanepe-lacivert-3-600x433.png 600w\" sizes=\"auto, (max-width: 871px) 100vw, 871px\" \/> <img loading=\"lazy\" decoding=\"async\" class=\"aligncenter size-full wp-image-513\" src=\"https:\/\/mustigeziyor.com\/esya\/wp-content\/uploads\/2024\/07\/Ikea-kivik-2li-kanepe-lacivert-1.png\" alt=\"\" width=\"873\" height=\"631\" title=\"\" srcset=\"https:\/\/mustigeziyor.com\/esya\/wp-content\/uploads\/2024\/07\/Ikea-kivik-2li-kanepe-lacivert-1.png 873w, https:\/\/mustigeziyor.com\/esya\/wp-content\/uploads\/2024\/07\/Ikea-kivik-2li-kanepe-lacivert-1-300x217.png 300w, https:\/\/mustigeziyor.com\/esya\/wp-content\/uploads\/2024\/07\/Ikea-kivik-2li-kanepe-lacivert-1-768x555.png 768w, https:\/\/mustigeziyor.com\/esya\/wp-content\/uploads\/2024\/07\/Ikea-kivik-2li-kanepe-lacivert-1-600x434.png 600w\" sizes=\"auto, (max-width: 873px) 100vw, 873px\" \/> <img loading=\"lazy\" decoding=\"async\" class=\"aligncenter size-full wp-image-514\" src=\"https:\/\/mustigeziyor.com\/esya\/wp-content\/uploads\/2024\/07\/Ikea-kivik-2li-kanepe-lacivert-2.png\" alt=\"\" width=\"873\" height=\"632\" title=\"\" srcset=\"https:\/\/mustigeziyor.com\/esya\/wp-content\/uploads\/2024\/07\/Ikea-kivik-2li-kanepe-lacivert-2.png 873w, https:\/\/mustigeziyor.com\/esya\/wp-content\/uploads\/2024\/07\/Ikea-kivik-2li-kanepe-lacivert-2-300x217.png 300w, https:\/\/mustigeziyor.com\/esya\/wp-content\/uploads\/2024\/07\/Ikea-kivik-2li-kanepe-lacivert-2-768x556.png 768w, https:\/\/mustigeziyor.com\/esya\/wp-content\/uploads\/2024\/07\/Ikea-kivik-2li-kanepe-lacivert-2-600x434.png 600w\" sizes=\"auto, (max-width: 873px) 100vw, 873px\" \/><\/p>\n","protected":false},"excerpt":{"rendered":"<p>KIVIK kelinge gri-turkuaz 2&#8217;li kanepe ve uzanma koltu\u011fu Ikea K\u0131v\u0131k Hillared antrasit 2 Adet 3l\u00fc Set Kanepe Koltuk KIVIK yumu\u015fak, olduk\u00e7a derin oturma yerine sahip ve s\u0131rt\u0131n\u0131z i\u00e7in de konforlu bir ve birbirinden \u00e7e\u015fitli<\/p>\n","protected":false},"featured_media":513,"template":"","meta":[],"product_brand":[],"product_cat":[31],"product_tag":[42],"class_list":{"0":"post-511","1":"product","2":"type-product","3":"status-publish","4":"has-post-thumbnail","6":"product_cat-ikinci-el-mobilya","7":"product_tag-ikinci-el-cekyat","9":"first","10":"instock","11":"sale","12":"shipping-taxable","13":"purchasable","14":"product-type-simple"},"_links":{"self":[{"href":"https:\/\/mustigeziyor.com\/esya\/wp-json\/wp\/v2\/product\/511","targetHints":{"allow":["GET"]}}],"collection":[{"href":"https:\/\/mustigeziyor.com\/esya\/wp-json\/wp\/v2\/product"}],"about":[{"href":"https:\/\/mustigeziyor.com\/esya\/wp-json\/wp\/v2\/types\/product"}],"wp:featuredmedia":[{"embeddable":true,"href":"https:\/\/mustigeziyor.com\/esya\/wp-json\/wp\/v2\/media\/513"}],"wp:attachment":[{"href":"https:\/\/mustigeziyor.com\/esya\/wp-json\/wp\/v2\/media?parent=511"}],"wp:term":[{"taxonomy":"product_brand","embeddable":true,"href":"https:\/\/mustigeziyor.com\/esya\/wp-json\/wp\/v2\/product_brand?post=511"},{"taxonomy":"product_cat","embeddable":true,"href":"https:\/\/mustigeziyor.com\/esya\/wp-json\/wp\/v2\/product_cat?post=511"},{"taxonomy":"product_tag","embeddable":true,"href":"https:\/\/mustigeziyor.com\/esya\/wp-json\/wp\/v2\/product_tag?post=511"}],"curies":[{"name":"wp","href":"https:\/\/api.w.org\/{rel}","templated":true}]}}