{"id":486,"date":"2024-06-09T04:37:54","date_gmt":"2024-06-09T04:37:54","guid":{"rendered":"https:\/\/mustigeziyor.com\/esya\/?post_type=product&#038;p=486"},"modified":"2024-06-09T04:37:54","modified_gmt":"2024-06-09T04:37:54","slug":"ikinci-el-hidrolik-demir-kesme-makasi-dayanikli-yapisi-ve-keskin-bicaklari","status":"publish","type":"product","link":"https:\/\/mustigeziyor.com\/esya\/urun\/ikinci-el-hidrolik-demir-kesme-makasi-dayanikli-yapisi-ve-keskin-bicaklari\/","title":{"rendered":"ikinci el hidrolik demir kesme makas\u0131 Dayan\u0131kl\u0131 yap\u0131s\u0131 ve keskin b\u0131\u00e7aklar\u0131"},"content":{"rendered":"<p><img loading=\"lazy\" decoding=\"async\" class=\"aligncenter size-full wp-image-487\" src=\"https:\/\/mustigeziyor.com\/esya\/wp-content\/uploads\/2024\/06\/ikinci-el-hidrolik-demir-kesme-makasi-3.png\" alt=\"\" width=\"692\" height=\"609\" title=\"\" srcset=\"https:\/\/mustigeziyor.com\/esya\/wp-content\/uploads\/2024\/06\/ikinci-el-hidrolik-demir-kesme-makasi-3.png 692w, https:\/\/mustigeziyor.com\/esya\/wp-content\/uploads\/2024\/06\/ikinci-el-hidrolik-demir-kesme-makasi-3-300x264.png 300w, https:\/\/mustigeziyor.com\/esya\/wp-content\/uploads\/2024\/06\/ikinci-el-hidrolik-demir-kesme-makasi-3-600x528.png 600w\" sizes=\"auto, (max-width: 692px) 100vw, 692px\" \/><\/p>\n<p><img loading=\"lazy\" decoding=\"async\" class=\"aligncenter size-full wp-image-488\" src=\"https:\/\/mustigeziyor.com\/esya\/wp-content\/uploads\/2024\/06\/ikinci-el-hidrolik-demir-kesme-makasi-1.png\" alt=\"\" width=\"768\" height=\"573\" title=\"\" srcset=\"https:\/\/mustigeziyor.com\/esya\/wp-content\/uploads\/2024\/06\/ikinci-el-hidrolik-demir-kesme-makasi-1.png 768w, https:\/\/mustigeziyor.com\/esya\/wp-content\/uploads\/2024\/06\/ikinci-el-hidrolik-demir-kesme-makasi-1-300x224.png 300w, https:\/\/mustigeziyor.com\/esya\/wp-content\/uploads\/2024\/06\/ikinci-el-hidrolik-demir-kesme-makasi-1-160x120.png 160w, https:\/\/mustigeziyor.com\/esya\/wp-content\/uploads\/2024\/06\/ikinci-el-hidrolik-demir-kesme-makasi-1-600x448.png 600w\" sizes=\"auto, (max-width: 768px) 100vw, 768px\" \/><\/p>\n<p><img loading=\"lazy\" decoding=\"async\" class=\"aligncenter size-full wp-image-489\" src=\"https:\/\/mustigeziyor.com\/esya\/wp-content\/uploads\/2024\/06\/ikinci-el-hidrolik-demir-kesme-makasi-2.png\" alt=\"\" width=\"1062\" height=\"609\" title=\"\" srcset=\"https:\/\/mustigeziyor.com\/esya\/wp-content\/uploads\/2024\/06\/ikinci-el-hidrolik-demir-kesme-makasi-2.png 1062w, https:\/\/mustigeziyor.com\/esya\/wp-content\/uploads\/2024\/06\/ikinci-el-hidrolik-demir-kesme-makasi-2-300x172.png 300w, https:\/\/mustigeziyor.com\/esya\/wp-content\/uploads\/2024\/06\/ikinci-el-hidrolik-demir-kesme-makasi-2-1024x587.png 1024w, https:\/\/mustigeziyor.com\/esya\/wp-content\/uploads\/2024\/06\/ikinci-el-hidrolik-demir-kesme-makasi-2-768x440.png 768w, https:\/\/mustigeziyor.com\/esya\/wp-content\/uploads\/2024\/06\/ikinci-el-hidrolik-demir-kesme-makasi-2-600x344.png 600w\" sizes=\"auto, (max-width: 1062px) 100vw, 1062px\" \/><\/p>\n","protected":false},"excerpt":{"rendered":"<p><strong>2.el demir kesim makinas\u0131 fiyatlar\u0131 Demir kesme makas\u0131,<\/strong> demir ve di\u011fer metal malzemeleri kesmek i\u00e7in kullan\u0131lan bir el arac\u0131d\u0131r. Dayan\u0131kl\u0131 yap\u0131s\u0131 ve keskin b\u0131\u00e7aklar\u0131 sayesinde<br \/>\n2.el demir kesim makinas\u0131 fiyatlar\u0131 sahibinden 16lik demir Makas\u0131 sahibinden Hidrolik Demir Kesme Makas\u0131 MYG25 &#8211; MYG25, uygun fiyatlarla kanca.com &#8216;da. \u00dcye olun Ikinci El Demir Kesme A. \u015e. B\u00fckme Makinalar\u0131. Kullan\u0131lm\u0131\u015f makine ikinci el CNC otomatik<br \/>\nDemir kesim MAK\u0130NASI sahibinden 2.el demir b\u00fckme makinas\u0131 fiyatlar\u0131 Demir Kesme Makinas\u0131 &#8211; 2.EL, Bak\u0131m\u0131 yap\u0131lm\u0131\u015f \u00e7al\u0131\u015f\u0131r vaziyete teslim ediyoruz. Stoklar\u0131m\u0131z<br \/>\nDemir Kesme Makas\u0131<\/p>\n","protected":false},"featured_media":489,"template":"","meta":[],"product_brand":[],"product_cat":[32],"product_tag":[],"class_list":{"0":"post-486","1":"product","2":"type-product","3":"status-publish","4":"has-post-thumbnail","6":"product_cat-ikinci-el-is-makineleri","8":"first","9":"instock","10":"sale","11":"shipping-taxable","12":"purchasable","13":"product-type-simple"},"_links":{"self":[{"href":"https:\/\/mustigeziyor.com\/esya\/wp-json\/wp\/v2\/product\/486","targetHints":{"allow":["GET"]}}],"collection":[{"href":"https:\/\/mustigeziyor.com\/esya\/wp-json\/wp\/v2\/product"}],"about":[{"href":"https:\/\/mustigeziyor.com\/esya\/wp-json\/wp\/v2\/types\/product"}],"wp:featuredmedia":[{"embeddable":true,"href":"https:\/\/mustigeziyor.com\/esya\/wp-json\/wp\/v2\/media\/489"}],"wp:attachment":[{"href":"https:\/\/mustigeziyor.com\/esya\/wp-json\/wp\/v2\/media?parent=486"}],"wp:term":[{"taxonomy":"product_brand","embeddable":true,"href":"https:\/\/mustigeziyor.com\/esya\/wp-json\/wp\/v2\/product_brand?post=486"},{"taxonomy":"product_cat","embeddable":true,"href":"https:\/\/mustigeziyor.com\/esya\/wp-json\/wp\/v2\/product_cat?post=486"},{"taxonomy":"product_tag","embeddable":true,"href":"https:\/\/mustigeziyor.com\/esya\/wp-json\/wp\/v2\/product_tag?post=486"}],"curies":[{"name":"wp","href":"https:\/\/api.w.org\/{rel}","templated":true}]}}