{"id":445,"date":"2024-05-14T15:44:50","date_gmt":"2024-05-14T15:44:50","guid":{"rendered":"https:\/\/mustigeziyor.com\/esya\/?post_type=product&#038;p=445"},"modified":"2024-05-14T15:45:03","modified_gmt":"2024-05-14T15:45:03","slug":"ikinci-el-isci-ranzasi-guvenilir-basinizi-dinlendirecek-kalitede","status":"publish","type":"product","link":"https:\/\/mustigeziyor.com\/esya\/urun\/ikinci-el-isci-ranzasi-guvenilir-basinizi-dinlendirecek-kalitede\/","title":{"rendered":"ikinci el i\u015f\u00e7i ranzas\u0131 g\u00fcvenilir ba\u015f\u0131n\u0131z\u0131 dinlendirecek kalitede"},"content":{"rendered":"<div id=\"attachment_446\" style=\"width: 960px\" class=\"wp-caption aligncenter\"><img loading=\"lazy\" decoding=\"async\" aria-describedby=\"caption-attachment-446\" class=\"wp-image-446 size-full\" title=\"ikinci el i\u015f\u00e7i ranzas\u0131\" src=\"https:\/\/mustigeziyor.com\/esya\/wp-content\/uploads\/2024\/05\/ikinci-el-isci-ranzasi-1.png\" alt=\"\" width=\"950\" height=\"630\" srcset=\"https:\/\/mustigeziyor.com\/esya\/wp-content\/uploads\/2024\/05\/ikinci-el-isci-ranzasi-1.png 950w, https:\/\/mustigeziyor.com\/esya\/wp-content\/uploads\/2024\/05\/ikinci-el-isci-ranzasi-1-300x199.png 300w, https:\/\/mustigeziyor.com\/esya\/wp-content\/uploads\/2024\/05\/ikinci-el-isci-ranzasi-1-768x509.png 768w, https:\/\/mustigeziyor.com\/esya\/wp-content\/uploads\/2024\/05\/ikinci-el-isci-ranzasi-1-600x398.png 600w\" sizes=\"auto, (max-width: 950px) 100vw, 950px\" \/><p id=\"caption-attachment-446\" class=\"wp-caption-text\">ikinci el i\u015f\u00e7i ranzas\u0131<\/p><\/div>\n<p><img loading=\"lazy\" decoding=\"async\" class=\"aligncenter size-full wp-image-447\" src=\"https:\/\/mustigeziyor.com\/esya\/wp-content\/uploads\/2024\/05\/ikinci-el-isci-ranzasi-2.png\" alt=\"\" width=\"774\" height=\"635\" title=\"\" srcset=\"https:\/\/mustigeziyor.com\/esya\/wp-content\/uploads\/2024\/05\/ikinci-el-isci-ranzasi-2.png 774w, https:\/\/mustigeziyor.com\/esya\/wp-content\/uploads\/2024\/05\/ikinci-el-isci-ranzasi-2-300x246.png 300w, https:\/\/mustigeziyor.com\/esya\/wp-content\/uploads\/2024\/05\/ikinci-el-isci-ranzasi-2-768x630.png 768w, https:\/\/mustigeziyor.com\/esya\/wp-content\/uploads\/2024\/05\/ikinci-el-isci-ranzasi-2-600x492.png 600w\" sizes=\"auto, (max-width: 774px) 100vw, 774px\" \/><\/p>\n","protected":false},"excerpt":{"rendered":"<p><strong>ikinci el i\u015f\u00e7i ranzas\u0131<\/strong> En Ucuz \u0130\u015f\u00e7i Yataklar\u0131 Burada. \u015eantiye Yataklar\u0131m\u0131zla Rahat Bir \u00c7al\u0131\u015fma Ortam\u0131 Olu\u015fturun.\u00dcr\u00fcnlerimiz \u0130\u00e7in Hemen T\u0131klay\u0131n. G\u00fcvenilir Ba\u015f\u0131n\u0131z\u0131 dinlendirecek kalite ve konfor! \u0130\u015fte, \u015fantiye ranzalar\u0131m\u0131zla verimlili\u011fi art\u0131r\u0131n. \u0130kinci el ve s\u0131f\u0131r ranza modelleri farkl\u0131 marka se\u00e7enekleri ve uygun fiyatlarla <strong>Dayan\u0131kl\u0131 Metal Ranzalar! \u015eimdi \u0130nceleyin. 2.el \u015fantiye ranzalar\u0131<\/strong>, i\u015f\u00e7i ranzalar\u0131, ranza. Ara; \u0130kinci Kalite Malzeme \u0130\u015f\u00e7i Ranzalar\u0131m\u0131z\u0131 ve Hemen \u015eimdi Sat\u0131n<\/p>\n","protected":false},"featured_media":447,"template":"","meta":[],"product_brand":[],"product_cat":[15],"product_tag":[38],"class_list":{"0":"post-445","1":"product","2":"type-product","3":"status-publish","4":"has-post-thumbnail","6":"product_cat-ikinci-el-esya","7":"product_tag-ikinci-el-ranza","9":"first","10":"instock","11":"sale","12":"shipping-taxable","13":"purchasable","14":"product-type-simple"},"_links":{"self":[{"href":"https:\/\/mustigeziyor.com\/esya\/wp-json\/wp\/v2\/product\/445","targetHints":{"allow":["GET"]}}],"collection":[{"href":"https:\/\/mustigeziyor.com\/esya\/wp-json\/wp\/v2\/product"}],"about":[{"href":"https:\/\/mustigeziyor.com\/esya\/wp-json\/wp\/v2\/types\/product"}],"wp:featuredmedia":[{"embeddable":true,"href":"https:\/\/mustigeziyor.com\/esya\/wp-json\/wp\/v2\/media\/447"}],"wp:attachment":[{"href":"https:\/\/mustigeziyor.com\/esya\/wp-json\/wp\/v2\/media?parent=445"}],"wp:term":[{"taxonomy":"product_brand","embeddable":true,"href":"https:\/\/mustigeziyor.com\/esya\/wp-json\/wp\/v2\/product_brand?post=445"},{"taxonomy":"product_cat","embeddable":true,"href":"https:\/\/mustigeziyor.com\/esya\/wp-json\/wp\/v2\/product_cat?post=445"},{"taxonomy":"product_tag","embeddable":true,"href":"https:\/\/mustigeziyor.com\/esya\/wp-json\/wp\/v2\/product_tag?post=445"}],"curies":[{"name":"wp","href":"https:\/\/api.w.org\/{rel}","templated":true}]}}