{"id":434,"date":"2024-05-14T15:13:03","date_gmt":"2024-05-14T15:13:03","guid":{"rendered":"https:\/\/mustigeziyor.com\/esya\/?post_type=product&#038;p=434"},"modified":"2024-05-14T15:13:03","modified_gmt":"2024-05-14T15:13:03","slug":"1-aylik-saglam-camasir-makinesi-motoru-hangi-motor-kullanilir","status":"publish","type":"product","link":"https:\/\/mustigeziyor.com\/esya\/urun\/1-aylik-saglam-camasir-makinesi-motoru-hangi-motor-kullanilir\/","title":{"rendered":"1 ayl\u0131k sa\u011flam \u00e7ama\u015f\u0131r makinesi motoru hangi motor kullan\u0131l\u0131r"},"content":{"rendered":"<div id=\"attachment_435\" style=\"width: 790px\" class=\"wp-caption aligncenter\"><img loading=\"lazy\" decoding=\"async\" aria-describedby=\"caption-attachment-435\" class=\"wp-image-435 size-full\" title=\"\u00e7ama\u015f\u0131r makinesi motoru\" src=\"https:\/\/mustigeziyor.com\/esya\/wp-content\/uploads\/2024\/05\/camasir-makinesi-motoru-1.png\" alt=\"\" width=\"780\" height=\"586\" srcset=\"https:\/\/mustigeziyor.com\/esya\/wp-content\/uploads\/2024\/05\/camasir-makinesi-motoru-1.png 780w, https:\/\/mustigeziyor.com\/esya\/wp-content\/uploads\/2024\/05\/camasir-makinesi-motoru-1-300x225.png 300w, https:\/\/mustigeziyor.com\/esya\/wp-content\/uploads\/2024\/05\/camasir-makinesi-motoru-1-768x577.png 768w, https:\/\/mustigeziyor.com\/esya\/wp-content\/uploads\/2024\/05\/camasir-makinesi-motoru-1-160x120.png 160w, https:\/\/mustigeziyor.com\/esya\/wp-content\/uploads\/2024\/05\/camasir-makinesi-motoru-1-600x451.png 600w\" sizes=\"auto, (max-width: 780px) 100vw, 780px\" \/><p id=\"caption-attachment-435\" class=\"wp-caption-text\">\u00e7ama\u015f\u0131r makinesi motoru<\/p><\/div>\n<p><img loading=\"lazy\" decoding=\"async\" class=\"aligncenter size-full wp-image-436\" src=\"https:\/\/mustigeziyor.com\/esya\/wp-content\/uploads\/2024\/05\/camasir-makinesi-motoru-2.png\" alt=\"\" width=\"782\" height=\"587\" title=\"\" srcset=\"https:\/\/mustigeziyor.com\/esya\/wp-content\/uploads\/2024\/05\/camasir-makinesi-motoru-2.png 782w, https:\/\/mustigeziyor.com\/esya\/wp-content\/uploads\/2024\/05\/camasir-makinesi-motoru-2-300x225.png 300w, https:\/\/mustigeziyor.com\/esya\/wp-content\/uploads\/2024\/05\/camasir-makinesi-motoru-2-768x576.png 768w, https:\/\/mustigeziyor.com\/esya\/wp-content\/uploads\/2024\/05\/camasir-makinesi-motoru-2-160x120.png 160w, https:\/\/mustigeziyor.com\/esya\/wp-content\/uploads\/2024\/05\/camasir-makinesi-motoru-2-600x450.png 600w\" sizes=\"auto, (max-width: 782px) 100vw, 782px\" \/><\/p>\n","protected":false},"excerpt":{"rendered":"<h2>\u00c7ama\u015f\u0131r makinesi sisteminde tambur, \u00c7ama\u015f\u0131r makinesi inverter yada eski tip motor \u00e7e\u015fitleri<\/h2>\n<p>burada her marka model \u00e7ama\u015f\u0131r makinesi motorlar\u0131. elektrik motoru yard\u0131m\u0131yla d\u00f6nd\u00fcr\u00fclmektedir ve hareket Ar\u00e7elik \u00e7ama\u015f\u0131r makinesi motoru fiyat\u0131 ne kadar? Samsung WF600NCE \u00e7ama\u015f\u0131r makinas\u0131 \u00fcst kontrol paneli ve ana kart <strong>\u00c7ama\u015f\u0131r makinesi \u00c7ama\u015f\u0131r Makinesi Motoru<\/strong> Z\u0131mpara Makinas\u0131 Yap\u0131m\u0131 Motor : \u00c7ama\u015f\u0131r Makinesin de, makinenin kazan\u0131n\u0131n kay\u0131\u015f vas\u0131tas\u0131yla d\u00f6nmesini sa\u011flayan Washing Machine \u00c7ama\u015f\u0131r makinesi motoru fiyat\u0131n\u0131n yan\u0131nda, \u00e7ama\u015f\u0131r makineniz i\u00e7in do\u011fru olan motorunda tam<br \/>\n\u00c7ama\u015f\u0131r makinesi motor k\u00f6m\u00fcr\u00fc bitti\u011fi nas\u0131l anla\u015f\u0131l\u0131r? \u00c7ama\u015f\u0131r makinelerinde hangi motor kullan\u0131l\u0131r?<br \/>\nBosch \u00e7ama\u015f\u0131r makinesinin motoru ka\u00e7 lira?<\/p>\n","protected":false},"featured_media":435,"template":"","meta":[],"product_brand":[],"product_cat":[30],"product_tag":[36],"class_list":{"0":"post-434","1":"product","2":"type-product","3":"status-publish","4":"has-post-thumbnail","6":"product_cat-ikinci-el-beyaz-esya","7":"product_tag-ikinci-el-camasir-makinesi","9":"first","10":"instock","11":"sale","12":"shipping-taxable","13":"purchasable","14":"product-type-simple"},"_links":{"self":[{"href":"https:\/\/mustigeziyor.com\/esya\/wp-json\/wp\/v2\/product\/434","targetHints":{"allow":["GET"]}}],"collection":[{"href":"https:\/\/mustigeziyor.com\/esya\/wp-json\/wp\/v2\/product"}],"about":[{"href":"https:\/\/mustigeziyor.com\/esya\/wp-json\/wp\/v2\/types\/product"}],"wp:featuredmedia":[{"embeddable":true,"href":"https:\/\/mustigeziyor.com\/esya\/wp-json\/wp\/v2\/media\/435"}],"wp:attachment":[{"href":"https:\/\/mustigeziyor.com\/esya\/wp-json\/wp\/v2\/media?parent=434"}],"wp:term":[{"taxonomy":"product_brand","embeddable":true,"href":"https:\/\/mustigeziyor.com\/esya\/wp-json\/wp\/v2\/product_brand?post=434"},{"taxonomy":"product_cat","embeddable":true,"href":"https:\/\/mustigeziyor.com\/esya\/wp-json\/wp\/v2\/product_cat?post=434"},{"taxonomy":"product_tag","embeddable":true,"href":"https:\/\/mustigeziyor.com\/esya\/wp-json\/wp\/v2\/product_tag?post=434"}],"curies":[{"name":"wp","href":"https:\/\/api.w.org\/{rel}","templated":true}]}}