{"id":425,"date":"2024-05-14T14:57:55","date_gmt":"2024-05-14T14:57:55","guid":{"rendered":"https:\/\/mustigeziyor.com\/esya\/?post_type=product&#038;p=425"},"modified":"2024-05-14T14:57:55","modified_gmt":"2024-05-14T14:57:55","slug":"cikma-ates-tuglasi-orjinal-cikma-tugla-modelleri-ve-en-uygun","status":"publish","type":"product","link":"https:\/\/mustigeziyor.com\/esya\/urun\/cikma-ates-tuglasi-orjinal-cikma-tugla-modelleri-ve-en-uygun\/","title":{"rendered":"\u00c7\u0131kma ate\u015f tu\u011flas\u0131 Orjinal \u00c7\u0131kma Tu\u011fla modelleri ve en uygun"},"content":{"rendered":"<div id=\"attachment_426\" style=\"width: 788px\" class=\"wp-caption aligncenter\"><img loading=\"lazy\" decoding=\"async\" aria-describedby=\"caption-attachment-426\" class=\"wp-image-426 size-full\" title=\"Orjinal \u00c7\u0131kma Tu\u011fla modelleri ve en uygun\" src=\"https:\/\/mustigeziyor.com\/esya\/wp-content\/uploads\/2024\/05\/Orjinal-Cikma-Tugla-modelleri-ve-en-uygun-1.png\" alt=\"\" width=\"778\" height=\"586\" srcset=\"https:\/\/mustigeziyor.com\/esya\/wp-content\/uploads\/2024\/05\/Orjinal-Cikma-Tugla-modelleri-ve-en-uygun-1.png 778w, https:\/\/mustigeziyor.com\/esya\/wp-content\/uploads\/2024\/05\/Orjinal-Cikma-Tugla-modelleri-ve-en-uygun-1-300x226.png 300w, https:\/\/mustigeziyor.com\/esya\/wp-content\/uploads\/2024\/05\/Orjinal-Cikma-Tugla-modelleri-ve-en-uygun-1-768x578.png 768w, https:\/\/mustigeziyor.com\/esya\/wp-content\/uploads\/2024\/05\/Orjinal-Cikma-Tugla-modelleri-ve-en-uygun-1-160x120.png 160w, https:\/\/mustigeziyor.com\/esya\/wp-content\/uploads\/2024\/05\/Orjinal-Cikma-Tugla-modelleri-ve-en-uygun-1-600x452.png 600w\" sizes=\"auto, (max-width: 778px) 100vw, 778px\" \/><p id=\"caption-attachment-426\" class=\"wp-caption-text\">Orjinal \u00c7\u0131kma Tu\u011fla modelleri ve en uygun<\/p><\/div>\n<p><img loading=\"lazy\" decoding=\"async\" class=\"aligncenter size-full wp-image-427\" src=\"https:\/\/mustigeziyor.com\/esya\/wp-content\/uploads\/2024\/05\/Orjinal-Cikma-Tugla-modelleri-ve-en-uygun-2.png\" alt=\"\" width=\"530\" height=\"634\" title=\"\" srcset=\"https:\/\/mustigeziyor.com\/esya\/wp-content\/uploads\/2024\/05\/Orjinal-Cikma-Tugla-modelleri-ve-en-uygun-2.png 530w, https:\/\/mustigeziyor.com\/esya\/wp-content\/uploads\/2024\/05\/Orjinal-Cikma-Tugla-modelleri-ve-en-uygun-2-251x300.png 251w\" sizes=\"auto, (max-width: 530px) 100vw, 530px\" \/><\/p>\n","protected":false},"excerpt":{"rendered":"<p>Orjinal\u00a0<em>\u00c7\u0131kma Tu\u011fla<\/em> modelleri ve en uygun Ate\u015f Tu\u011flas\u0131 Fiyatlar\u0131 Ko\u00e7ta\u015f \u00b7 20x10x3 cm ebatlar\u0131nda ate\u015f tu\u011flas\u0131, 31,89 TL\/adet. \u00b7 20x10x5 cm ebatlar\u0131nda ate\u015f tu\u011flas\u0131, \u00c7\u0131kma Ate\u015f Tu\u011fla Fiyatlar\u0131 \u00c7\u0131kma harman tu\u011flas\u0131 elimizde binlerce mevcuttur.\u00c7ok sa\u011flam bir \u00fcr\u00fcnd\u00fcr. \u0130\u00e7inde k\u0131r\u0131k \u00e7\u0131kmaz. Bundan 50 y\u0131l \u00f6ncesine gitti\u011fimizde bir\u00e7ok evde ve yap\u0131da bizi kar\u015f\u0131layan harman tu\u011flalar art\u0131k g\u00fcn\u00fcm\u00fczde daha \u00e7ok dekoratif.  Ate\u015f Tu\u011flas\u0131 \u00c7e\u015fitleri 2,3,4,5,6 CM kal\u0131nl\u0131klarda. 30 TL. \u0130stanbul, \u00dcmraniye ; \u00e7imento uygun.<\/p>\n","protected":false},"featured_media":426,"template":"","meta":[],"product_brand":[],"product_cat":[33],"product_tag":[],"class_list":{"0":"post-425","1":"product","2":"type-product","3":"status-publish","4":"has-post-thumbnail","6":"product_cat-spot-defolu-esya","8":"first","9":"instock","10":"sale","11":"shipping-taxable","12":"purchasable","13":"product-type-simple"},"_links":{"self":[{"href":"https:\/\/mustigeziyor.com\/esya\/wp-json\/wp\/v2\/product\/425","targetHints":{"allow":["GET"]}}],"collection":[{"href":"https:\/\/mustigeziyor.com\/esya\/wp-json\/wp\/v2\/product"}],"about":[{"href":"https:\/\/mustigeziyor.com\/esya\/wp-json\/wp\/v2\/types\/product"}],"wp:featuredmedia":[{"embeddable":true,"href":"https:\/\/mustigeziyor.com\/esya\/wp-json\/wp\/v2\/media\/426"}],"wp:attachment":[{"href":"https:\/\/mustigeziyor.com\/esya\/wp-json\/wp\/v2\/media?parent=425"}],"wp:term":[{"taxonomy":"product_brand","embeddable":true,"href":"https:\/\/mustigeziyor.com\/esya\/wp-json\/wp\/v2\/product_brand?post=425"},{"taxonomy":"product_cat","embeddable":true,"href":"https:\/\/mustigeziyor.com\/esya\/wp-json\/wp\/v2\/product_cat?post=425"},{"taxonomy":"product_tag","embeddable":true,"href":"https:\/\/mustigeziyor.com\/esya\/wp-json\/wp\/v2\/product_tag?post=425"}],"curies":[{"name":"wp","href":"https:\/\/api.w.org\/{rel}","templated":true}]}}