{"id":420,"date":"2024-05-14T10:15:49","date_gmt":"2024-05-14T10:15:49","guid":{"rendered":"https:\/\/mustigeziyor.com\/esya\/?post_type=product&#038;p=420"},"modified":"2024-05-14T10:15:49","modified_gmt":"2024-05-14T10:15:49","slug":"cikma-aku-toptan-hurda-aku-satan-yerler-saglam-akuler","status":"publish","type":"product","link":"https:\/\/mustigeziyor.com\/esya\/urun\/cikma-aku-toptan-hurda-aku-satan-yerler-saglam-akuler\/","title":{"rendered":"\u00c7\u0131kma ak\u00fc toptan hurda ak\u00fc satan yerler sa\u011flam ak\u00fcler"},"content":{"rendered":"<div id=\"attachment_422\" style=\"width: 963px\" class=\"wp-caption aligncenter\"><img loading=\"lazy\" decoding=\"async\" aria-describedby=\"caption-attachment-422\" class=\"wp-image-422 size-full\" title=\"\u00c7\u0131kma ak\u00fc\" src=\"https:\/\/mustigeziyor.com\/esya\/wp-content\/uploads\/2024\/05\/Cikma-aku-1.png\" alt=\"\" width=\"953\" height=\"624\" srcset=\"https:\/\/mustigeziyor.com\/esya\/wp-content\/uploads\/2024\/05\/Cikma-aku-1.png 953w, https:\/\/mustigeziyor.com\/esya\/wp-content\/uploads\/2024\/05\/Cikma-aku-1-300x196.png 300w, https:\/\/mustigeziyor.com\/esya\/wp-content\/uploads\/2024\/05\/Cikma-aku-1-768x503.png 768w, https:\/\/mustigeziyor.com\/esya\/wp-content\/uploads\/2024\/05\/Cikma-aku-1-600x393.png 600w\" sizes=\"auto, (max-width: 953px) 100vw, 953px\" \/><p id=\"caption-attachment-422\" class=\"wp-caption-text\">\u00c7\u0131kma ak\u00fc<\/p><\/div>\n<p><img loading=\"lazy\" decoding=\"async\" class=\"aligncenter size-full wp-image-421\" src=\"https:\/\/mustigeziyor.com\/esya\/wp-content\/uploads\/2024\/05\/Cikma-aku-2.png\" alt=\"\" width=\"923\" height=\"613\" title=\"\" srcset=\"https:\/\/mustigeziyor.com\/esya\/wp-content\/uploads\/2024\/05\/Cikma-aku-2.png 923w, https:\/\/mustigeziyor.com\/esya\/wp-content\/uploads\/2024\/05\/Cikma-aku-2-300x199.png 300w, https:\/\/mustigeziyor.com\/esya\/wp-content\/uploads\/2024\/05\/Cikma-aku-2-768x510.png 768w, https:\/\/mustigeziyor.com\/esya\/wp-content\/uploads\/2024\/05\/Cikma-aku-2-600x398.png 600w\" sizes=\"auto, (max-width: 923px) 100vw, 923px\" \/><\/p>\n","protected":false},"excerpt":{"rendered":"<p>2 y\u0131l \u00f6nce \u2014 Yeni ak\u00fc almadan \u00f6nce hurdaya \u00e7\u0131km\u0131\u015f Hurda ak\u00fc sat\u0131m\u0131 yapabilece\u011finiz yerler \u00e7e\u015fitlidir. 100 AMPER AK\u00dc \u00c7IKMA SA\u011eLAM. \u20ba1.400. 100 AMPER AK\u00dc \u00c7IKMA SA\u011eLAM. \u0130stanbul \u00b7 \u0130stanbul&#8217;da \u0130NC\u0130 AK\u00dc 12 VOLT 60 AMPER SIFIR Hurda ak\u00fcleri alan baz\u0131 i\u015fletmeler bulunmaktad\u0131r. Bunun haricinde elinizde \u00e7ok miktarda ak\u00fcy\u00fc satarak ister alaca\u011f\u0131n\u0131z yeni ak\u00fcn\u00fcn <\/p>\n","protected":false},"featured_media":422,"template":"","meta":[],"product_brand":[],"product_cat":[15],"product_tag":[],"class_list":{"0":"post-420","1":"product","2":"type-product","3":"status-publish","4":"has-post-thumbnail","6":"product_cat-ikinci-el-esya","8":"first","9":"instock","10":"sale","11":"shipping-taxable","12":"purchasable","13":"product-type-simple"},"_links":{"self":[{"href":"https:\/\/mustigeziyor.com\/esya\/wp-json\/wp\/v2\/product\/420","targetHints":{"allow":["GET"]}}],"collection":[{"href":"https:\/\/mustigeziyor.com\/esya\/wp-json\/wp\/v2\/product"}],"about":[{"href":"https:\/\/mustigeziyor.com\/esya\/wp-json\/wp\/v2\/types\/product"}],"wp:featuredmedia":[{"embeddable":true,"href":"https:\/\/mustigeziyor.com\/esya\/wp-json\/wp\/v2\/media\/422"}],"wp:attachment":[{"href":"https:\/\/mustigeziyor.com\/esya\/wp-json\/wp\/v2\/media?parent=420"}],"wp:term":[{"taxonomy":"product_brand","embeddable":true,"href":"https:\/\/mustigeziyor.com\/esya\/wp-json\/wp\/v2\/product_brand?post=420"},{"taxonomy":"product_cat","embeddable":true,"href":"https:\/\/mustigeziyor.com\/esya\/wp-json\/wp\/v2\/product_cat?post=420"},{"taxonomy":"product_tag","embeddable":true,"href":"https:\/\/mustigeziyor.com\/esya\/wp-json\/wp\/v2\/product_tag?post=420"}],"curies":[{"name":"wp","href":"https:\/\/api.w.org\/{rel}","templated":true}]}}