{"id":392,"date":"2024-05-14T09:52:50","date_gmt":"2024-05-14T09:52:50","guid":{"rendered":"https:\/\/mustigeziyor.com\/esya\/?page_id=392"},"modified":"2024-07-21T05:31:57","modified_gmt":"2024-07-21T05:31:57","slug":"iletisim","status":"publish","type":"page","link":"https:\/\/mustigeziyor.com\/esya\/iletisim\/","title":{"rendered":"ileti\u015fim"},"content":{"rendered":"<p><img loading=\"lazy\" decoding=\"async\" class=\"aligncenter size-full wp-image-393\" src=\"https:\/\/mustigeziyor.com\/esya\/wp-content\/uploads\/2024\/05\/iletisim1.jpg\" alt=\"\" width=\"800\" height=\"500\" title=\"\" srcset=\"https:\/\/mustigeziyor.com\/esya\/wp-content\/uploads\/2024\/05\/iletisim1.jpg 800w, https:\/\/mustigeziyor.com\/esya\/wp-content\/uploads\/2024\/05\/iletisim1-300x188.jpg 300w, https:\/\/mustigeziyor.com\/esya\/wp-content\/uploads\/2024\/05\/iletisim1-768x480.jpg 768w, https:\/\/mustigeziyor.com\/esya\/wp-content\/uploads\/2024\/05\/iletisim1-600x375.jpg 600w\" sizes=\"auto, (max-width: 800px) 100vw, 800px\" \/><\/p>\n<div class=\"woocommerce columns-4 \"><ul class=\"products columns-4\">\n<li class=\"product type-product post-434 status-publish first instock product_cat-ikinci-el-beyaz-esya product_tag-ikinci-el-camasir-makinesi has-post-thumbnail sale shipping-taxable purchasable product-type-simple\">\n\t<a href=\"https:\/\/mustigeziyor.com\/esya\/urun\/1-aylik-saglam-camasir-makinesi-motoru-hangi-motor-kullanilir\/\" class=\"woocommerce-LoopProduct-link woocommerce-loop-product__link\">\n\t<span class=\"onsale\">\u0130ndirim!<\/span>\n\t<img loading=\"lazy\" decoding=\"async\" width=\"300\" height=\"300\" src=\"https:\/\/mustigeziyor.com\/esya\/wp-content\/uploads\/2024\/05\/camasir-makinesi-motoru-1-300x300.png\" class=\"attachment-woocommerce_thumbnail size-woocommerce_thumbnail\" alt=\"1 ayl\u0131k sa\u011flam \u00e7ama\u015f\u0131r makinesi motoru hangi motor kullan\u0131l\u0131r\" srcset=\"https:\/\/mustigeziyor.com\/esya\/wp-content\/uploads\/2024\/05\/camasir-makinesi-motoru-1-300x300.png 300w, https:\/\/mustigeziyor.com\/esya\/wp-content\/uploads\/2024\/05\/camasir-makinesi-motoru-1-150x150.png 150w, https:\/\/mustigeziyor.com\/esya\/wp-content\/uploads\/2024\/05\/camasir-makinesi-motoru-1-100x100.png 100w\" sizes=\"auto, (max-width: 300px) 100vw, 300px\" title=\"\"><h2 class=\"woocommerce-loop-product__title\">1 ayl\u0131k sa\u011flam \u00e7ama\u015f\u0131r makinesi motoru hangi motor kullan\u0131l\u0131r<\/h2>\n\t<span class=\"price\"><del aria-hidden=\"true\"><span class=\"woocommerce-Price-amount amount\"><bdi><span class=\"woocommerce-Price-currencySymbol\">&#8378;<\/span>240.00<\/bdi><\/span><\/del> <span class=\"screen-reader-text\">Orijinal fiyat: &#8378;240.00.<\/span><ins aria-hidden=\"true\"><span class=\"woocommerce-Price-amount amount\"><bdi><span class=\"woocommerce-Price-currencySymbol\">&#8378;<\/span>230.00<\/bdi><\/span><\/ins><span class=\"screen-reader-text\">\u015eu andaki fiyat: &#8378;230.00.<\/span><\/span>\n<div class=\"archive-product-categories text-center\"><a href=\"https:\/\/mustigeziyor.com\/esya\/urun-kategori\/ikinci-el-beyaz-esya\/\" rel=\"tag\">ikinci el beyaz e\u015fya<\/a><\/div><\/a><a href=\"\/esya\/wp-json\/wp\/v2\/pages\/392?add-to-cart=434\" aria-describedby=\"woocommerce_loop_add_to_cart_link_describedby_434\" data-quantity=\"1\" class=\"button product_type_simple add_to_cart_button ajax_add_to_cart\" data-product_id=\"434\" data-product_sku=\"45\" aria-label=\"Sepete ekle: \u201c1 ayl\u0131k sa\u011flam \u00e7ama\u015f\u0131r makinesi motoru hangi motor kullan\u0131l\u0131r\u201d\" rel=\"nofollow\" data-success_message=\"&quot;1 ayl\u0131k sa\u011flam \u00e7ama\u015f\u0131r makinesi motoru hangi motor kullan\u0131l\u0131r&quot; sepetinize eklendi\" role=\"button\">Sepete Ekle<\/a>\t<span id=\"woocommerce_loop_add_to_cart_link_describedby_434\" class=\"screen-reader-text\">\n\t\t\t<\/span>\n<\/li>\n<li class=\"product type-product post-481 status-publish instock product_cat-ikinci-el-is-makineleri has-post-thumbnail sale shipping-taxable purchasable product-type-simple\">\n\t<a href=\"https:\/\/mustigeziyor.com\/esya\/urun\/2-el-hidrolik-piston-yagli-hidrolik-piston-60-cm-hidrolik-piston-fiyatlari\/\" class=\"woocommerce-LoopProduct-link woocommerce-loop-product__link\">\n\t<span class=\"onsale\">\u0130ndirim!<\/span>\n\t<img loading=\"lazy\" decoding=\"async\" width=\"300\" height=\"300\" src=\"https:\/\/mustigeziyor.com\/esya\/wp-content\/uploads\/2024\/06\/2.el-hidrolik-piston-3-300x300.png\" class=\"attachment-woocommerce_thumbnail size-woocommerce_thumbnail\" alt=\"2.el hidrolik piston Ya\u011fl\u0131 Hidrolik Piston 60 cm Hidrolik Piston Fiyatlar\u0131\" srcset=\"https:\/\/mustigeziyor.com\/esya\/wp-content\/uploads\/2024\/06\/2.el-hidrolik-piston-3-300x300.png 300w, https:\/\/mustigeziyor.com\/esya\/wp-content\/uploads\/2024\/06\/2.el-hidrolik-piston-3-150x150.png 150w, https:\/\/mustigeziyor.com\/esya\/wp-content\/uploads\/2024\/06\/2.el-hidrolik-piston-3-100x100.png 100w\" sizes=\"auto, (max-width: 300px) 100vw, 300px\" title=\"\"><h2 class=\"woocommerce-loop-product__title\">2.el hidrolik piston Ya\u011fl\u0131 Hidrolik Piston 60 cm Hidrolik Piston Fiyatlar\u0131<\/h2>\n\t<span class=\"price\"><del aria-hidden=\"true\"><span class=\"woocommerce-Price-amount amount\"><bdi><span class=\"woocommerce-Price-currencySymbol\">&#8378;<\/span>230.00<\/bdi><\/span><\/del> <span class=\"screen-reader-text\">Orijinal fiyat: &#8378;230.00.<\/span><ins aria-hidden=\"true\"><span class=\"woocommerce-Price-amount amount\"><bdi><span class=\"woocommerce-Price-currencySymbol\">&#8378;<\/span>220.00<\/bdi><\/span><\/ins><span class=\"screen-reader-text\">\u015eu andaki fiyat: &#8378;220.00.<\/span><\/span>\n<div class=\"archive-product-categories text-center\"><a href=\"https:\/\/mustigeziyor.com\/esya\/urun-kategori\/ikinci-el-is-makineleri\/\" rel=\"tag\">ikinci el i\u015f makineleri<\/a><\/div><\/a><a href=\"\/esya\/wp-json\/wp\/v2\/pages\/392?add-to-cart=481\" aria-describedby=\"woocommerce_loop_add_to_cart_link_describedby_481\" data-quantity=\"1\" class=\"button product_type_simple add_to_cart_button ajax_add_to_cart\" data-product_id=\"481\" data-product_sku=\"\" aria-label=\"Sepete ekle: \u201c2.el hidrolik piston Ya\u011fl\u0131 Hidrolik Piston 60 cm Hidrolik Piston Fiyatlar\u0131\u201d\" rel=\"nofollow\" data-success_message=\"&quot;2.el hidrolik piston Ya\u011fl\u0131 Hidrolik Piston 60 cm Hidrolik Piston Fiyatlar\u0131&quot; sepetinize eklendi\" role=\"button\">Sepete Ekle<\/a>\t<span id=\"woocommerce_loop_add_to_cart_link_describedby_481\" class=\"screen-reader-text\">\n\t\t\t<\/span>\n<\/li>\n<li class=\"product type-product post-621 status-publish instock product_cat-ikinci-el-esya has-post-thumbnail sale shipping-taxable purchasable product-type-simple\">\n\t<a href=\"https:\/\/mustigeziyor.com\/esya\/urun\/2-el-temiz-durumda-kaynak-makinasi-dadwoo-1-sene-garantili\/\" class=\"woocommerce-LoopProduct-link woocommerce-loop-product__link\">\n\t<span class=\"onsale\">\u0130ndirim!<\/span>\n\t<img loading=\"lazy\" decoding=\"async\" width=\"300\" height=\"300\" src=\"https:\/\/mustigeziyor.com\/esya\/wp-content\/uploads\/2025\/12\/kaynak-makinasi-Dadwoo-1-sene-garantili-3-300x300.png\" class=\"attachment-woocommerce_thumbnail size-woocommerce_thumbnail\" alt=\"2.el temiz durumda kaynak makinas\u0131 Dadwoo 1 sene garantili\" srcset=\"https:\/\/mustigeziyor.com\/esya\/wp-content\/uploads\/2025\/12\/kaynak-makinasi-Dadwoo-1-sene-garantili-3-300x300.png 300w, https:\/\/mustigeziyor.com\/esya\/wp-content\/uploads\/2025\/12\/kaynak-makinasi-Dadwoo-1-sene-garantili-3-150x150.png 150w, https:\/\/mustigeziyor.com\/esya\/wp-content\/uploads\/2025\/12\/kaynak-makinasi-Dadwoo-1-sene-garantili-3-100x100.png 100w\" sizes=\"auto, (max-width: 300px) 100vw, 300px\" title=\"\"><h2 class=\"woocommerce-loop-product__title\">2.el temiz durumda kaynak makinas\u0131 Dadwoo 1 sene garantili<\/h2>\n\t<span class=\"price\"><del aria-hidden=\"true\"><span class=\"woocommerce-Price-amount amount\"><bdi><span class=\"woocommerce-Price-currencySymbol\">&#8378;<\/span>3,500.00<\/bdi><\/span><\/del> <span class=\"screen-reader-text\">Orijinal fiyat: &#8378;3,500.00.<\/span><ins aria-hidden=\"true\"><span class=\"woocommerce-Price-amount amount\"><bdi><span class=\"woocommerce-Price-currencySymbol\">&#8378;<\/span>2,500.00<\/bdi><\/span><\/ins><span class=\"screen-reader-text\">\u015eu andaki fiyat: &#8378;2,500.00.<\/span><\/span>\n<div class=\"archive-product-categories text-center\"><a href=\"https:\/\/mustigeziyor.com\/esya\/urun-kategori\/ikinci-el-esya\/\" rel=\"tag\">ikinci el e\u015fya<\/a><\/div><\/a><a href=\"\/esya\/wp-json\/wp\/v2\/pages\/392?add-to-cart=621\" aria-describedby=\"woocommerce_loop_add_to_cart_link_describedby_621\" data-quantity=\"1\" class=\"button product_type_simple add_to_cart_button ajax_add_to_cart\" data-product_id=\"621\" data-product_sku=\"\" aria-label=\"Sepete ekle: \u201c2.el temiz durumda kaynak makinas\u0131 Dadwoo 1 sene garantili\u201d\" rel=\"nofollow\" data-success_message=\"&quot;2.el temiz durumda kaynak makinas\u0131 Dadwoo 1 sene garantili&quot; sepetinize eklendi\" role=\"button\">Sepete Ekle<\/a>\t<span id=\"woocommerce_loop_add_to_cart_link_describedby_621\" class=\"screen-reader-text\">\n\t\t\t<\/span>\n<\/li>\n<li class=\"product type-product post-428 status-publish last instock product_cat-ikinci-el-esya has-post-thumbnail sale shipping-taxable purchasable product-type-simple\">\n\t<a href=\"https:\/\/mustigeziyor.com\/esya\/urun\/2024-kiremit-fiyatlari-ne-kadar-cikma-kiremit\/\" class=\"woocommerce-LoopProduct-link woocommerce-loop-product__link\">\n\t<span class=\"onsale\">\u0130ndirim!<\/span>\n\t<img loading=\"lazy\" decoding=\"async\" width=\"300\" height=\"300\" src=\"https:\/\/mustigeziyor.com\/esya\/wp-content\/uploads\/2024\/05\/cikma-kiremit-2-300x300.png\" class=\"attachment-woocommerce_thumbnail size-woocommerce_thumbnail\" alt=\"2024 kiremit Fiyatlar\u0131 ne kadar? \u00c7\u0131kma kiremit\" srcset=\"https:\/\/mustigeziyor.com\/esya\/wp-content\/uploads\/2024\/05\/cikma-kiremit-2-300x300.png 300w, https:\/\/mustigeziyor.com\/esya\/wp-content\/uploads\/2024\/05\/cikma-kiremit-2-150x150.png 150w, https:\/\/mustigeziyor.com\/esya\/wp-content\/uploads\/2024\/05\/cikma-kiremit-2-100x100.png 100w\" sizes=\"auto, (max-width: 300px) 100vw, 300px\" title=\"\"><h2 class=\"woocommerce-loop-product__title\">2024 kiremit Fiyatlar\u0131 ne kadar? \u00c7\u0131kma kiremit<\/h2>\n\t<span class=\"price\"><del aria-hidden=\"true\"><span class=\"woocommerce-Price-amount amount\"><bdi><span class=\"woocommerce-Price-currencySymbol\">&#8378;<\/span>15.00<\/bdi><\/span><\/del> <span class=\"screen-reader-text\">Orijinal fiyat: &#8378;15.00.<\/span><ins aria-hidden=\"true\"><span class=\"woocommerce-Price-amount amount\"><bdi><span class=\"woocommerce-Price-currencySymbol\">&#8378;<\/span>10.00<\/bdi><\/span><\/ins><span class=\"screen-reader-text\">\u015eu andaki fiyat: &#8378;10.00.<\/span><\/span>\n<div class=\"archive-product-categories text-center\"><a href=\"https:\/\/mustigeziyor.com\/esya\/urun-kategori\/ikinci-el-esya\/\" rel=\"tag\">ikinci el e\u015fya<\/a><\/div><\/a><a href=\"\/esya\/wp-json\/wp\/v2\/pages\/392?add-to-cart=428\" aria-describedby=\"woocommerce_loop_add_to_cart_link_describedby_428\" data-quantity=\"1\" class=\"button product_type_simple add_to_cart_button ajax_add_to_cart\" data-product_id=\"428\" data-product_sku=\"\" aria-label=\"Sepete ekle: \u201c2024 kiremit Fiyatlar\u0131 ne kadar? \u00c7\u0131kma kiremit\u201d\" rel=\"nofollow\" data-success_message=\"&quot;2024 kiremit Fiyatlar\u0131 ne kadar? \u00c7\u0131kma kiremit&quot; sepetinize eklendi\" role=\"button\">Sepete Ekle<\/a>\t<span id=\"woocommerce_loop_add_to_cart_link_describedby_428\" class=\"screen-reader-text\">\n\t\t\t<\/span>\n<\/li>\n<li class=\"product type-product post-570 status-publish first instock product_cat-ikinci-el-beyaz-esya product_cat-spot-defolu-esya product_tag-ikinci-el-buzdolabi has-post-thumbnail sale shipping-taxable purchasable product-type-simple\">\n\t<a href=\"https:\/\/mustigeziyor.com\/esya\/urun\/arcelik-defolu-buzdolabi-1-yil-garantili-a-fabrikadan-defolu\/\" class=\"woocommerce-LoopProduct-link woocommerce-loop-product__link\">\n\t<span class=\"onsale\">\u0130ndirim!<\/span>\n\t<img loading=\"lazy\" decoding=\"async\" width=\"300\" height=\"300\" src=\"https:\/\/mustigeziyor.com\/esya\/wp-content\/uploads\/2024\/09\/arcelik-defolu-buzdolabi-1-300x300.jpg\" class=\"attachment-woocommerce_thumbnail size-woocommerce_thumbnail\" alt=\"Ar\u00e7elik defolu buzdolab\u0131 1 YIL GARANT\u0130L\u0130 A+++ Fabrikadan Defolu\" srcset=\"https:\/\/mustigeziyor.com\/esya\/wp-content\/uploads\/2024\/09\/arcelik-defolu-buzdolabi-1-300x300.jpg 300w, https:\/\/mustigeziyor.com\/esya\/wp-content\/uploads\/2024\/09\/arcelik-defolu-buzdolabi-1-150x150.jpg 150w, https:\/\/mustigeziyor.com\/esya\/wp-content\/uploads\/2024\/09\/arcelik-defolu-buzdolabi-1-100x100.jpg 100w\" sizes=\"auto, (max-width: 300px) 100vw, 300px\" title=\"\"><h2 class=\"woocommerce-loop-product__title\">Ar\u00e7elik defolu buzdolab\u0131 1 YIL GARANT\u0130L\u0130 A+++ Fabrikadan Defolu<\/h2>\n\t<span class=\"price\"><del aria-hidden=\"true\"><span class=\"woocommerce-Price-amount amount\"><bdi><span class=\"woocommerce-Price-currencySymbol\">&#8378;<\/span>15,000.00<\/bdi><\/span><\/del> <span class=\"screen-reader-text\">Orijinal fiyat: &#8378;15,000.00.<\/span><ins aria-hidden=\"true\"><span class=\"woocommerce-Price-amount amount\"><bdi><span class=\"woocommerce-Price-currencySymbol\">&#8378;<\/span>12,500.00<\/bdi><\/span><\/ins><span class=\"screen-reader-text\">\u015eu andaki fiyat: &#8378;12,500.00.<\/span><\/span>\n<div class=\"archive-product-categories text-center\"><a href=\"https:\/\/mustigeziyor.com\/esya\/urun-kategori\/ikinci-el-beyaz-esya\/\" rel=\"tag\">ikinci el beyaz e\u015fya<\/a>,<a href=\"https:\/\/mustigeziyor.com\/esya\/urun-kategori\/spot-defolu-esya\/\" rel=\"tag\">spot defolu e\u015fya<\/a><\/div><\/a><a href=\"\/esya\/wp-json\/wp\/v2\/pages\/392?add-to-cart=570\" aria-describedby=\"woocommerce_loop_add_to_cart_link_describedby_570\" data-quantity=\"1\" class=\"button product_type_simple add_to_cart_button ajax_add_to_cart\" data-product_id=\"570\" data-product_sku=\"\" aria-label=\"Sepete ekle: \u201cAr\u00e7elik defolu buzdolab\u0131 1 YIL GARANT\u0130L\u0130 A+++ Fabrikadan Defolu\u201d\" rel=\"nofollow\" data-success_message=\"&quot;Ar\u00e7elik defolu buzdolab\u0131 1 YIL GARANT\u0130L\u0130 A+++ Fabrikadan Defolu&quot; sepetinize eklendi\" role=\"button\">Sepete Ekle<\/a>\t<span id=\"woocommerce_loop_add_to_cart_link_describedby_570\" class=\"screen-reader-text\">\n\t\t\t<\/span>\n<\/li>\n<li class=\"product type-product post-535 status-publish instock product_cat-ikinci-el-beyaz-esya has-post-thumbnail shipping-taxable product-type-simple\">\n\t<a href=\"https:\/\/mustigeziyor.com\/esya\/urun\/bacasiz-aspirator-kullanilmis-ankastre-urunler-mutfak-icerisinde-sik\/\" class=\"woocommerce-LoopProduct-link woocommerce-loop-product__link\"><img loading=\"lazy\" decoding=\"async\" width=\"300\" height=\"300\" src=\"https:\/\/mustigeziyor.com\/esya\/wp-content\/uploads\/2024\/07\/bacasiz-aspirator-2-300x300.png\" class=\"attachment-woocommerce_thumbnail size-woocommerce_thumbnail\" alt=\"Bacas\u0131z aspirat\u00f6r kullan\u0131lm\u0131\u015f ankastre \u00fcr\u00fcnler, mutfak i\u00e7erisinde \u015f\u0131k\" srcset=\"https:\/\/mustigeziyor.com\/esya\/wp-content\/uploads\/2024\/07\/bacasiz-aspirator-2-300x300.png 300w, https:\/\/mustigeziyor.com\/esya\/wp-content\/uploads\/2024\/07\/bacasiz-aspirator-2-150x150.png 150w, https:\/\/mustigeziyor.com\/esya\/wp-content\/uploads\/2024\/07\/bacasiz-aspirator-2-100x100.png 100w\" sizes=\"auto, (max-width: 300px) 100vw, 300px\" title=\"\"><h2 class=\"woocommerce-loop-product__title\">Bacas\u0131z aspirat\u00f6r kullan\u0131lm\u0131\u015f ankastre \u00fcr\u00fcnler, mutfak i\u00e7erisinde \u015f\u0131k<\/h2>\n<div class=\"archive-product-categories text-center\"><a href=\"https:\/\/mustigeziyor.com\/esya\/urun-kategori\/ikinci-el-beyaz-esya\/\" rel=\"tag\">ikinci el beyaz e\u015fya<\/a><\/div><\/a><a href=\"https:\/\/mustigeziyor.com\/esya\/urun\/bacasiz-aspirator-kullanilmis-ankastre-urunler-mutfak-icerisinde-sik\/\" aria-describedby=\"woocommerce_loop_add_to_cart_link_describedby_535\" data-quantity=\"1\" class=\"button product_type_simple\" data-product_id=\"535\" data-product_sku=\"\" aria-label=\"&ldquo;Bacas\u0131z aspirat\u00f6r kullan\u0131lm\u0131\u015f ankastre \u00fcr\u00fcnler, mutfak i\u00e7erisinde \u015f\u0131k&rdquo; hakk\u0131nda daha fazla bilgi edinin\" rel=\"nofollow\" data-success_message=\"\">Devam\u0131n\u0131 oku<\/a>\t<span id=\"woocommerce_loop_add_to_cart_link_describedby_535\" class=\"screen-reader-text\">\n\t\t\t<\/span>\n<\/li>\n<li class=\"product type-product post-420 status-publish instock product_cat-ikinci-el-esya has-post-thumbnail sale shipping-taxable purchasable product-type-simple\">\n\t<a href=\"https:\/\/mustigeziyor.com\/esya\/urun\/cikma-aku-toptan-hurda-aku-satan-yerler-saglam-akuler\/\" class=\"woocommerce-LoopProduct-link woocommerce-loop-product__link\">\n\t<span class=\"onsale\">\u0130ndirim!<\/span>\n\t<img loading=\"lazy\" decoding=\"async\" width=\"300\" height=\"300\" src=\"https:\/\/mustigeziyor.com\/esya\/wp-content\/uploads\/2024\/05\/Cikma-aku-1-300x300.png\" class=\"attachment-woocommerce_thumbnail size-woocommerce_thumbnail\" alt=\"\u00c7\u0131kma ak\u00fc toptan hurda ak\u00fc satan yerler sa\u011flam ak\u00fcler\" srcset=\"https:\/\/mustigeziyor.com\/esya\/wp-content\/uploads\/2024\/05\/Cikma-aku-1-300x300.png 300w, https:\/\/mustigeziyor.com\/esya\/wp-content\/uploads\/2024\/05\/Cikma-aku-1-150x150.png 150w, https:\/\/mustigeziyor.com\/esya\/wp-content\/uploads\/2024\/05\/Cikma-aku-1-100x100.png 100w\" sizes=\"auto, (max-width: 300px) 100vw, 300px\" title=\"\"><h2 class=\"woocommerce-loop-product__title\">\u00c7\u0131kma ak\u00fc toptan hurda ak\u00fc satan yerler sa\u011flam ak\u00fcler<\/h2>\n\t<span class=\"price\"><del aria-hidden=\"true\"><span class=\"woocommerce-Price-amount amount\"><bdi><span class=\"woocommerce-Price-currencySymbol\">&#8378;<\/span>100.00<\/bdi><\/span><\/del> <span class=\"screen-reader-text\">Orijinal fiyat: &#8378;100.00.<\/span><ins aria-hidden=\"true\"><span class=\"woocommerce-Price-amount amount\"><bdi><span class=\"woocommerce-Price-currencySymbol\">&#8378;<\/span>99.00<\/bdi><\/span><\/ins><span class=\"screen-reader-text\">\u015eu andaki fiyat: &#8378;99.00.<\/span><\/span>\n<div class=\"archive-product-categories text-center\"><a href=\"https:\/\/mustigeziyor.com\/esya\/urun-kategori\/ikinci-el-esya\/\" rel=\"tag\">ikinci el e\u015fya<\/a><\/div><\/a><a href=\"\/esya\/wp-json\/wp\/v2\/pages\/392?add-to-cart=420\" aria-describedby=\"woocommerce_loop_add_to_cart_link_describedby_420\" data-quantity=\"1\" class=\"button product_type_simple add_to_cart_button ajax_add_to_cart\" data-product_id=\"420\" data-product_sku=\"5\" aria-label=\"Sepete ekle: \u201c\u00c7\u0131kma ak\u00fc toptan hurda ak\u00fc satan yerler sa\u011flam ak\u00fcler\u201d\" rel=\"nofollow\" data-success_message=\"&quot;\u00c7\u0131kma ak\u00fc toptan hurda ak\u00fc satan yerler sa\u011flam ak\u00fcler&quot; sepetinize eklendi\" role=\"button\">Sepete Ekle<\/a>\t<span id=\"woocommerce_loop_add_to_cart_link_describedby_420\" class=\"screen-reader-text\">\n\t\t\t<\/span>\n<\/li>\n<li class=\"product type-product post-425 status-publish last instock product_cat-spot-defolu-esya has-post-thumbnail sale shipping-taxable purchasable product-type-simple\">\n\t<a href=\"https:\/\/mustigeziyor.com\/esya\/urun\/cikma-ates-tuglasi-orjinal-cikma-tugla-modelleri-ve-en-uygun\/\" class=\"woocommerce-LoopProduct-link woocommerce-loop-product__link\">\n\t<span class=\"onsale\">\u0130ndirim!<\/span>\n\t<img loading=\"lazy\" decoding=\"async\" width=\"300\" height=\"300\" src=\"https:\/\/mustigeziyor.com\/esya\/wp-content\/uploads\/2024\/05\/Orjinal-Cikma-Tugla-modelleri-ve-en-uygun-1-300x300.png\" class=\"attachment-woocommerce_thumbnail size-woocommerce_thumbnail\" alt=\"\u00c7\u0131kma ate\u015f tu\u011flas\u0131 Orjinal \u00c7\u0131kma Tu\u011fla modelleri ve en uygun\" srcset=\"https:\/\/mustigeziyor.com\/esya\/wp-content\/uploads\/2024\/05\/Orjinal-Cikma-Tugla-modelleri-ve-en-uygun-1-300x300.png 300w, https:\/\/mustigeziyor.com\/esya\/wp-content\/uploads\/2024\/05\/Orjinal-Cikma-Tugla-modelleri-ve-en-uygun-1-150x150.png 150w, https:\/\/mustigeziyor.com\/esya\/wp-content\/uploads\/2024\/05\/Orjinal-Cikma-Tugla-modelleri-ve-en-uygun-1-100x100.png 100w\" sizes=\"auto, (max-width: 300px) 100vw, 300px\" title=\"\"><h2 class=\"woocommerce-loop-product__title\">\u00c7\u0131kma ate\u015f tu\u011flas\u0131 Orjinal \u00c7\u0131kma Tu\u011fla modelleri ve en uygun<\/h2>\n\t<span class=\"price\"><del aria-hidden=\"true\"><span class=\"woocommerce-Price-amount amount\"><bdi><span class=\"woocommerce-Price-currencySymbol\">&#8378;<\/span>20.00<\/bdi><\/span><\/del> <span class=\"screen-reader-text\">Orijinal fiyat: &#8378;20.00.<\/span><ins aria-hidden=\"true\"><span class=\"woocommerce-Price-amount amount\"><bdi><span class=\"woocommerce-Price-currencySymbol\">&#8378;<\/span>15.00<\/bdi><\/span><\/ins><span class=\"screen-reader-text\">\u015eu andaki fiyat: &#8378;15.00.<\/span><\/span>\n<div class=\"archive-product-categories text-center\"><a href=\"https:\/\/mustigeziyor.com\/esya\/urun-kategori\/spot-defolu-esya\/\" rel=\"tag\">spot defolu e\u015fya<\/a><\/div><\/a><a href=\"\/esya\/wp-json\/wp\/v2\/pages\/392?add-to-cart=425\" aria-describedby=\"woocommerce_loop_add_to_cart_link_describedby_425\" data-quantity=\"1\" class=\"button product_type_simple add_to_cart_button ajax_add_to_cart\" data-product_id=\"425\" data-product_sku=\"1000\" aria-label=\"Sepete ekle: \u201c\u00c7\u0131kma ate\u015f tu\u011flas\u0131 Orjinal \u00c7\u0131kma Tu\u011fla modelleri ve en uygun\u201d\" rel=\"nofollow\" data-success_message=\"&quot;\u00c7\u0131kma ate\u015f tu\u011flas\u0131 Orjinal \u00c7\u0131kma Tu\u011fla modelleri ve en uygun&quot; sepetinize eklendi\" role=\"button\">Sepete Ekle<\/a>\t<span id=\"woocommerce_loop_add_to_cart_link_describedby_425\" class=\"screen-reader-text\">\n\t\t\t<\/span>\n<\/li>\n<\/ul>\n<\/div>\n","protected":false},"excerpt":{"rendered":"","protected":false},"author":1,"featured_media":415,"parent":0,"menu_order":0,"comment_status":"closed","ping_status":"closed","template":"","meta":{"footnotes":""},"class_list":["post-392","page","type-page","status-publish","has-post-thumbnail","hentry"],"_links":{"self":[{"href":"https:\/\/mustigeziyor.com\/esya\/wp-json\/wp\/v2\/pages\/392","targetHints":{"allow":["GET"]}}],"collection":[{"href":"https:\/\/mustigeziyor.com\/esya\/wp-json\/wp\/v2\/pages"}],"about":[{"href":"https:\/\/mustigeziyor.com\/esya\/wp-json\/wp\/v2\/types\/page"}],"author":[{"embeddable":true,"href":"https:\/\/mustigeziyor.com\/esya\/wp-json\/wp\/v2\/users\/1"}],"replies":[{"embeddable":true,"href":"https:\/\/mustigeziyor.com\/esya\/wp-json\/wp\/v2\/comments?post=392"}],"version-history":[{"count":2,"href":"https:\/\/mustigeziyor.com\/esya\/wp-json\/wp\/v2\/pages\/392\/revisions"}],"predecessor-version":[{"id":419,"href":"https:\/\/mustigeziyor.com\/esya\/wp-json\/wp\/v2\/pages\/392\/revisions\/419"}],"wp:featuredmedia":[{"embeddable":true,"href":"https:\/\/mustigeziyor.com\/esya\/wp-json\/wp\/v2\/media\/415"}],"wp:attachment":[{"href":"https:\/\/mustigeziyor.com\/esya\/wp-json\/wp\/v2\/media?parent=392"}],"curies":[{"name":"wp","href":"https:\/\/api.w.org\/{rel}","templated":true}]}}